{"id":1703,"date":"2024-07-03T09:38:10","date_gmt":"2024-07-03T09:38:10","guid":{"rendered":"http:\/\/192.168.0.235:10004\/?page_id=1703"},"modified":"2025-05-08T09:29:07","modified_gmt":"2025-05-08T06:29:07","slug":"hizmetlerimiz","status":"publish","type":"page","link":"https:\/\/www.psikologleylakilic.com\/en\/hizmetlerimiz\/","title":{"rendered":"Our Services"},"content":{"rendered":"<div data-elementor-type=\"wp-page\" data-elementor-id=\"1703\" class=\"elementor elementor-1703\">\n\t\t\t\t<div class=\"elementor-element elementor-element-a383540 e-flex e-con-boxed rt-default-class e-con e-parent\" data-id=\"a383540\" data-element_type=\"container\">\n\t\t\t\t\t<div class=\"e-con-inner\">\n\t\t<div class=\"elementor-element elementor-element-70c9612 e-con-full e-flex rt-default-class e-con e-child\" data-id=\"70c9612\" data-element_type=\"container\">\n\t\t\t\t<div class=\"elementor-element elementor-element-8f1a7ab elementor-absolute rt-default-class elementor-widget elementor-widget-rt-react-image\" data-id=\"8f1a7ab\" data-element_type=\"widget\" data-settings=\"{&quot;_position&quot;:&quot;absolute&quot;}\" data-widget_type=\"rt-react-image.default\">\n\t\t\t\t<div class=\"elementor-widget-container\">\n\t\t\t\t\t        \n        <div class=\"react-image\">\n                            <img decoding=\"async\" class=\"react-multi-image wow scaleIn\" src=\"https:\/\/themewant.com\/products\/wordpress\/mindthera\/wp-content\/uploads\/2024\/06\/flowers-crop-2.webp\"  alt=\"\"\/>\n                    <\/div>       \n    \t\t\t\t<\/div>\n\t\t\t\t<\/div>\n\t\t\t\t<\/div>\n\t\t<div class=\"elementor-element elementor-element-4753377 e-con-full e-flex rt-default-class e-con e-child\" data-id=\"4753377\" data-element_type=\"container\">\n\t\t\t\t<div class=\"elementor-element elementor-element-9a562d8 elementor-widget__width-initial rt-default-class elementor-widget elementor-widget-react-heading\" data-id=\"9a562d8\" data-element_type=\"widget\" data-widget_type=\"react-heading.default\">\n\t\t\t\t<div class=\"elementor-widget-container\">\n\t\t\t\t\t\t\t<div class=\"animation-wow fadeInUp react-heading default\">\r\n\t\t\t<div class=\"title-inner\">\r\n\t\t\t\t<span class=\"custom sub-text subtitle wow fadeInUp\">Uzm. Kl. Psk. Leyla K\u0131l\u0131\u00e7<\/span><div class=\"wow fadeInUp\"><h2 class=\"title word-line\">Our Services <\/h2><\/div>\t\t\t<\/div>\r\n\t\t\t\r\n\t\t\t\t\t\t\t\t<\/div>\t\t\t\r\n\t\t\t\t\t<\/div>\n\t\t\t\t<\/div>\n\t\t\t\t<\/div>\n\t\t<div class=\"elementor-element elementor-element-fcfa038 e-con-full e-flex rt-default-class e-con e-child\" data-id=\"fcfa038\" data-element_type=\"container\">\n\t\t<div class=\"elementor-element elementor-element-87cda1a e-con-full e-flex rt-default-class e-con e-child\" data-id=\"87cda1a\" data-element_type=\"container\">\n\t\t\t\t<div class=\"elementor-element elementor-element-b78e6f9 rt-default-class elementor-widget elementor-widget-rt-service-grid\" data-id=\"b78e6f9\" data-element_type=\"widget\" data-widget_type=\"rt-service-grid.default\">\n\t\t\t\t<div class=\"elementor-widget-container\">\n\t\t\t\t\t\t\t\r\n\t\t<div class=\"service-area style1 style_one\"  >  \r\n\t<div class=\"service-item rounded-20px\">\r\n\t\t<div class=\"relative\">\r\n\t\t<a href=\"\/en\/cocuk-ve-ergen-psikolojisi\/\" class=\"d-block hover mb-3\">\r\n\t\t\t<div class=\"relative overflow-hidden rounded-20px shadow-soft\">\t\t\t\r\n\t\t\t\t\t\t\t\t\t<img decoding=\"async\" class=\"w-50 end-0 absolute hover-op-0 services_icon_image\"  src=\"https:\/\/themewant.com\/products\/wordpress\/mindthera\/wp-content\/uploads\/2024\/06\/flowers-crop-3-white-1.webp\" alt=\"services_icon_image\"\/>\r\n\t\t\t\t\t\t\t\t\t\t\t\t\t<div class=\"absolute start-0 w-100 abs-middle fs-36 text-white text-center\">\r\n\t\t\t\t\t\t<span class=\"btn-main hover-scale-in-2\">Details<\/span>\r\n\t\t\t\t\t<\/div>\r\n\t\t\t\t\t\t\t\t\t\t\t\t\t<img decoding=\"async\" class=\"img-fluid hover-scale-1-2\"  src=\"https:\/\/www.psikologleylakilic.com\/wp-content\/uploads\/2025\/03\/leyla-kilic-Child-and-Adolescent-Psychology.jpg\" alt=\"\"\/>\r\n\t\t\t\t\t\t\t<\/div>\r\n\t\t<\/a>\r\n\t\t\r\n\t<\/div>\t\r\n\t\t<h4>Ergen Psikolojisi<\/h4>\r\n\t\t\t\t\t\t<p class=\"disc no-bottom\">Ergenler i\u00e7in \u00f6zel olarak uygulanan psikolojik destek, geli\u015fimsel zorluklar\u0131 a\u015fmalar\u0131na yard\u0131mc\u0131 olur.<\/p>\r\n\t\t\t\r\n    <\/div>\t\t\r\n<\/div>\t\t\t\t<\/div>\n\t\t\t\t<\/div>\n\t\t\t\t<\/div>\n\t\t<div class=\"elementor-element elementor-element-814d616 e-con-full e-flex rt-default-class e-con e-child\" data-id=\"814d616\" data-element_type=\"container\">\n\t\t\t\t<div class=\"elementor-element elementor-element-01e8906 rt-default-class elementor-widget elementor-widget-rt-service-grid\" data-id=\"01e8906\" data-element_type=\"widget\" data-widget_type=\"rt-service-grid.default\">\n\t\t\t\t<div class=\"elementor-widget-container\">\n\t\t\t\t\t\t\t\r\n\t\t<div class=\"service-area style1 style_one\"  >  \r\n\t<div class=\"service-item rounded-20px\">\r\n\t\t<div class=\"relative\">\r\n\t\t<a href=\"\/en\/aile-danismanligi\/\" class=\"d-block hover mb-3\">\r\n\t\t\t<div class=\"relative overflow-hidden rounded-20px shadow-soft\">\t\t\t\r\n\t\t\t\t\t\t\t\t\t<img decoding=\"async\" class=\"w-50 end-0 absolute hover-op-0 services_icon_image\"  src=\"https:\/\/themewant.com\/products\/wordpress\/mindthera\/wp-content\/uploads\/2024\/06\/flowers-crop-3-white-1.webp\" alt=\"services_icon_image\"\/>\r\n\t\t\t\t\t\t\t\t\t\t\t\t\t<div class=\"absolute start-0 w-100 abs-middle fs-36 text-white text-center\">\r\n\t\t\t\t\t\t<span class=\"btn-main hover-scale-in-2\">Details<\/span>\r\n\t\t\t\t\t<\/div>\r\n\t\t\t\t\t\t\t\t\t\t\t\t\t<img decoding=\"async\" class=\"img-fluid hover-scale-1-2\"  src=\"https:\/\/www.psikologleylakilic.com\/wp-content\/uploads\/2025\/03\/ailde-danismanligi-psikolog-leyla-kilic.jpg\" alt=\"\"\/>\r\n\t\t\t\t\t\t\t<\/div>\r\n\t\t<\/a>\r\n\t\t\r\n\t<\/div>\t\r\n\t\t<h4>Family Counseling<\/h4>\r\n\t\t\t\t\t\t<p class=\"disc no-bottom\">Therapies that improve communication skills help rebuild healthy and open relationships within the family.<\/p>\r\n\t\t\t\r\n    <\/div>\t\t\r\n<\/div>\t\t\t\t<\/div>\n\t\t\t\t<\/div>\n\t\t\t\t<\/div>\n\t\t<div class=\"elementor-element elementor-element-b7a3466 e-con-full e-flex rt-default-class e-con e-child\" data-id=\"b7a3466\" data-element_type=\"container\">\n\t\t\t\t<div class=\"elementor-element elementor-element-2805953 rt-default-class elementor-widget elementor-widget-rt-service-grid\" data-id=\"2805953\" data-element_type=\"widget\" data-widget_type=\"rt-service-grid.default\">\n\t\t\t\t<div class=\"elementor-widget-container\">\n\t\t\t\t\t\t\t\r\n\t\t<div class=\"service-area style1 style_one\"  >  \r\n\t<div class=\"service-item rounded-20px\">\r\n\t\t<div class=\"relative\">\r\n\t\t<a href=\"\/en\/cozum-odakli-terapi\/\" class=\"d-block hover mb-3\">\r\n\t\t\t<div class=\"relative overflow-hidden rounded-20px shadow-soft\">\t\t\t\r\n\t\t\t\t\t\t\t\t\t<img decoding=\"async\" class=\"w-50 end-0 absolute hover-op-0 services_icon_image\"  src=\"https:\/\/themewant.com\/products\/wordpress\/mindthera\/wp-content\/uploads\/2024\/06\/flowers-crop-3-white-1.webp\" alt=\"services_icon_image\"\/>\r\n\t\t\t\t\t\t\t\t\t\t\t\t\t<div class=\"absolute start-0 w-100 abs-middle fs-36 text-white text-center\">\r\n\t\t\t\t\t\t<span class=\"btn-main hover-scale-in-2\">Details<\/span>\r\n\t\t\t\t\t<\/div>\r\n\t\t\t\t\t\t\t\t\t\t\t\t\t<img decoding=\"async\" class=\"img-fluid hover-scale-1-2\"  src=\"https:\/\/www.psikologleylakilic.com\/wp-content\/uploads\/2025\/03\/cozum-odakli-terapi-leyla-kilic.jpg\" alt=\"\"\/>\r\n\t\t\t\t\t\t\t<\/div>\r\n\t\t<\/a>\r\n\t\t\r\n\t<\/div>\t\r\n\t\t<h4>Solution Focused Therapy<\/h4>\r\n\t\t\t\t\t\t<p class=\"disc no-bottom\">An approach that offers short-term therapeutic support by focusing on solutions and goals rather than problems.<\/p>\r\n\t\t\t\r\n    <\/div>\t\t\r\n<\/div>\t\t\t\t<\/div>\n\t\t\t\t<\/div>\n\t\t\t\t<\/div>\n\t\t<div class=\"elementor-element elementor-element-3e3031a e-con-full e-flex rt-default-class e-con e-child\" data-id=\"3e3031a\" data-element_type=\"container\">\n\t\t\t\t<div class=\"elementor-element elementor-element-8c80e4f rt-default-class elementor-widget elementor-widget-rt-service-grid\" data-id=\"8c80e4f\" data-element_type=\"widget\" data-widget_type=\"rt-service-grid.default\">\n\t\t\t\t<div class=\"elementor-widget-container\">\n\t\t\t\t\t\t\t\r\n\t\t<div class=\"service-area style1 style_one\"  >  \r\n\t<div class=\"service-item rounded-20px\">\r\n\t\t<div class=\"relative\">\r\n\t\t<a href=\"\/en\/evlilik-terapisi\/\" class=\"d-block hover mb-3\">\r\n\t\t\t<div class=\"relative overflow-hidden rounded-20px shadow-soft\">\t\t\t\r\n\t\t\t\t\t\t\t\t\t<img decoding=\"async\" class=\"w-50 end-0 absolute hover-op-0 services_icon_image\"  src=\"https:\/\/themewant.com\/products\/wordpress\/mindthera\/wp-content\/uploads\/2024\/06\/flowers-crop-3-white-1.webp\" alt=\"services_icon_image\"\/>\r\n\t\t\t\t\t\t\t\t\t\t\t\t\t<div class=\"absolute start-0 w-100 abs-middle fs-36 text-white text-center\">\r\n\t\t\t\t\t\t<span class=\"btn-main hover-scale-in-2\">Details<\/span>\r\n\t\t\t\t\t<\/div>\r\n\t\t\t\t\t\t\t\t\t\t\t\t\t<img decoding=\"async\" class=\"img-fluid hover-scale-1-2\"  src=\"https:\/\/www.psikologleylakilic.com\/wp-content\/uploads\/2025\/03\/evlilik-terapisi-leyla-kilic.jpg\" alt=\"\"\/>\r\n\t\t\t\t\t\t\t<\/div>\r\n\t\t<\/a>\r\n\t\t\r\n\t<\/div>\t\r\n\t\t<h4>Marriage Therapy<\/h4>\r\n\t\t\t\t\t\t<p class=\"disc no-bottom\">Therapy that helps couples strengthen their relationships, solve communication problems and build a healthier bond.<\/p>\r\n\t\t\t\r\n    <\/div>\t\t\r\n<\/div>\t\t\t\t<\/div>\n\t\t\t\t<\/div>\n\t\t\t\t<div class=\"elementor-element elementor-element-396d7c3 rt-default-class elementor-widget elementor-widget-rt-service-grid\" data-id=\"396d7c3\" data-element_type=\"widget\" data-widget_type=\"rt-service-grid.default\">\n\t\t\t\t<div class=\"elementor-widget-container\">\n\t\t\t\t\t\t\t\r\n\t\t<div class=\"service-area style1 style_one\"  >  \r\n\t<div class=\"service-item rounded-20px\">\r\n\t\t<div class=\"relative\">\r\n\t\t<a href=\"\/en\/cift-terapisi\/\" class=\"d-block hover mb-3\">\r\n\t\t\t<div class=\"relative overflow-hidden rounded-20px shadow-soft\">\t\t\t\r\n\t\t\t\t\t\t\t\t\t<img decoding=\"async\" class=\"w-50 end-0 absolute hover-op-0 services_icon_image\"  src=\"https:\/\/themewant.com\/products\/wordpress\/mindthera\/wp-content\/uploads\/2024\/06\/flowers-crop-3-white-1.webp\" alt=\"services_icon_image\"\/>\r\n\t\t\t\t\t\t\t\t\t\t\t\t\t<div class=\"absolute start-0 w-100 abs-middle fs-36 text-white text-center\">\r\n\t\t\t\t\t\t<span class=\"btn-main hover-scale-in-2\">Details<\/span>\r\n\t\t\t\t\t<\/div>\r\n\t\t\t\t\t\t\t\t\t\t\t\t\t<img decoding=\"async\" class=\"img-fluid hover-scale-1-2\"  src=\"https:\/\/www.psikologleylakilic.com\/wp-content\/uploads\/2025\/03\/cift-terapisi-leyla-kilic.jpg\" alt=\"\"\/>\r\n\t\t\t\t\t\t\t<\/div>\r\n\t\t<\/a>\r\n\t\t\r\n\t<\/div>\t\r\n\t\t<h4>\u00c7ift Terapisi<\/h4>\r\n\t\t\t\t\t\t<p class=\"disc no-bottom\">Partnerler aras\u0131ndaki ileti\u015fimi g\u00fc\u00e7lendirmek, \u00e7at\u0131\u015fmalar\u0131 \u00e7\u00f6zmek ve sa\u011fl\u0131kl\u0131 bir ili\u015fki dinami\u011fi olu\u015fturmak amac\u0131yla uygulanan terapi y\u00f6ntemidir.<\/p>\r\n\t\t\t\r\n    <\/div>\t\t\r\n<\/div>\t\t\t\t<\/div>\n\t\t\t\t<\/div>\n\t\t\t\t<\/div>\n\t\t<div class=\"elementor-element elementor-element-2d668f3 e-con-full e-flex rt-default-class e-con e-child\" data-id=\"2d668f3\" data-element_type=\"container\">\n\t\t\t\t<div class=\"elementor-element elementor-element-488c95d rt-default-class elementor-widget elementor-widget-rt-service-grid\" data-id=\"488c95d\" data-element_type=\"widget\" data-widget_type=\"rt-service-grid.default\">\n\t\t\t\t<div class=\"elementor-widget-container\">\n\t\t\t\t\t\t\t\r\n\t\t<div class=\"service-area style1 style_one\"  >  \r\n\t<div class=\"service-item rounded-20px\">\r\n\t\t<div class=\"relative\">\r\n\t\t<a href=\"\/en\/bireysel-terapi\/\" class=\"d-block hover mb-3\">\r\n\t\t\t<div class=\"relative overflow-hidden rounded-20px shadow-soft\">\t\t\t\r\n\t\t\t\t\t\t\t\t\t<img decoding=\"async\" class=\"w-50 end-0 absolute hover-op-0 services_icon_image\"  src=\"https:\/\/themewant.com\/products\/wordpress\/mindthera\/wp-content\/uploads\/2024\/06\/flowers-crop-3-white-1.webp\" alt=\"services_icon_image\"\/>\r\n\t\t\t\t\t\t\t\t\t\t\t\t\t<div class=\"absolute start-0 w-100 abs-middle fs-36 text-white text-center\">\r\n\t\t\t\t\t\t<span class=\"btn-main hover-scale-in-2\">Details<\/span>\r\n\t\t\t\t\t<\/div>\r\n\t\t\t\t\t\t\t\t\t\t\t\t\t<img decoding=\"async\" class=\"img-fluid hover-scale-1-2\"  src=\"https:\/\/www.psikologleylakilic.com\/wp-content\/uploads\/2025\/03\/bireysel-terapi-leyla-kilic.jpg\" alt=\"\"\/>\r\n\t\t\t\t\t\t\t<\/div>\r\n\t\t<\/a>\r\n\t\t\r\n\t<\/div>\t\r\n\t\t<h4>Individual Therapy<\/h4>\r\n\t\t\t\t\t\t<p class=\"disc no-bottom\">A therapeutic process that helps a person to discover and develop their inner resources by addressing their emotional and psychological difficulties.<\/p>\r\n\t\t\t\r\n    <\/div>\t\t\r\n<\/div>\t\t\t\t<\/div>\n\t\t\t\t<\/div>\n\t\t\t\t<div class=\"elementor-element elementor-element-be4ce47 rt-default-class elementor-widget elementor-widget-rt-service-grid\" data-id=\"be4ce47\" data-element_type=\"widget\" data-widget_type=\"rt-service-grid.default\">\n\t\t\t\t<div class=\"elementor-widget-container\">\n\t\t\t\t\t\t\t\r\n\t\t<div class=\"service-area style1 style_one\"  >  \r\n\t<div class=\"service-item rounded-20px\">\r\n\t\t<div class=\"relative\">\r\n\t\t<a href=\"\/en\/evlilik-oncesi-danismanlik\/\" class=\"d-block hover mb-3\">\r\n\t\t\t<div class=\"relative overflow-hidden rounded-20px shadow-soft\">\t\t\t\r\n\t\t\t\t\t\t\t\t\t<img decoding=\"async\" class=\"w-50 end-0 absolute hover-op-0 services_icon_image\"  src=\"https:\/\/themewant.com\/products\/wordpress\/mindthera\/wp-content\/uploads\/2024\/06\/flowers-crop-3-white-1.webp\" alt=\"services_icon_image\"\/>\r\n\t\t\t\t\t\t\t\t\t\t\t\t\t<div class=\"absolute start-0 w-100 abs-middle fs-36 text-white text-center\">\r\n\t\t\t\t\t\t<span class=\"btn-main hover-scale-in-2\">Details<\/span>\r\n\t\t\t\t\t<\/div>\r\n\t\t\t\t\t\t\t\t\t\t\t\t\t<img decoding=\"async\" class=\"img-fluid hover-scale-1-2\"  src=\"https:\/\/www.psikologleylakilic.com\/wp-content\/uploads\/2025\/03\/evlilik-oncesi-danismanlik-leyla-kilic.jpg\" alt=\"\"\/>\r\n\t\t\t\t\t\t\t<\/div>\r\n\t\t<\/a>\r\n\t\t\r\n\t<\/div>\t\r\n\t\t<h4>Evlilik \u00d6ncesi Dan\u0131\u015fmanl\u0131k<\/h4>\r\n\t\t\t\t\t\t<p class=\"disc no-bottom\">Evlilik \u00f6ncesinde \u00e7iftlerin birbirlerini daha iyi tan\u0131malar\u0131n\u0131, olas\u0131 sorunlar\u0131 \u00f6nceden fark etmelerini sa\u011flayan rehberlik hizmetidir.<\/p>\r\n\t\t\t\r\n    <\/div>\t\t\r\n<\/div>\t\t\t\t<\/div>\n\t\t\t\t<\/div>\n\t\t\t\t<\/div>\n\t\t<div class=\"elementor-element elementor-element-8b7555d e-con-full e-flex rt-default-class e-con e-child\" data-id=\"8b7555d\" data-element_type=\"container\">\n\t\t\t\t<div class=\"elementor-element elementor-element-d7feac2 rt-default-class elementor-widget elementor-widget-rt-service-grid\" data-id=\"d7feac2\" data-element_type=\"widget\" data-widget_type=\"rt-service-grid.default\">\n\t\t\t\t<div class=\"elementor-widget-container\">\n\t\t\t\t\t\t\t\r\n\t\t<div class=\"service-area style1 style_one\"  >  \r\n\t<div class=\"service-item rounded-20px\">\r\n\t\t<div class=\"relative\">\r\n\t\t<a href=\"\/en\/psikoterapi\/\" class=\"d-block hover mb-3\">\r\n\t\t\t<div class=\"relative overflow-hidden rounded-20px shadow-soft\">\t\t\t\r\n\t\t\t\t\t\t\t\t\t<img decoding=\"async\" class=\"w-50 end-0 absolute hover-op-0 services_icon_image\"  src=\"https:\/\/themewant.com\/products\/wordpress\/mindthera\/wp-content\/uploads\/2024\/06\/flowers-crop-3-white-1.webp\" alt=\"services_icon_image\"\/>\r\n\t\t\t\t\t\t\t\t\t\t\t\t\t<div class=\"absolute start-0 w-100 abs-middle fs-36 text-white text-center\">\r\n\t\t\t\t\t\t<span class=\"btn-main hover-scale-in-2\">Details<\/span>\r\n\t\t\t\t\t<\/div>\r\n\t\t\t\t\t\t\t\t\t\t\t\t\t<img decoding=\"async\" class=\"img-fluid hover-scale-1-2\"  src=\"https:\/\/www.psikologleylakilic.com\/wp-content\/uploads\/2025\/03\/psikoterapi-leyla-kilic.jpg\" alt=\"\"\/>\r\n\t\t\t\t\t\t\t<\/div>\r\n\t\t<\/a>\r\n\t\t\r\n\t<\/div>\t\r\n\t\t<h4>Psikoterapi<\/h4>\r\n\t\t\t\t\t\t<p class=\"disc no-bottom\">Bireylerin duygusal ve zihinsel sorunlar\u0131n\u0131 anlamalar\u0131na, \u00e7\u00f6zmelerine ve daha sa\u011fl\u0131kl\u0131 bir ya\u015fam s\u00fcrmelerine yard\u0131mc\u0131 olan profesyonel bir terapi s\u00fcrecidir.<\/p>\r\n\t\t\t\r\n    <\/div>\t\t\r\n<\/div>\t\t\t\t<\/div>\n\t\t\t\t<\/div>\n\t\t\t\t<div class=\"elementor-element elementor-element-9590ff6 rt-default-class elementor-widget elementor-widget-rt-service-grid\" data-id=\"9590ff6\" data-element_type=\"widget\" data-widget_type=\"rt-service-grid.default\">\n\t\t\t\t<div class=\"elementor-widget-container\">\n\t\t\t\t\t\t\t\r\n\t\t<div class=\"service-area style1 style_one\"  >  \r\n\t<div class=\"service-item rounded-20px\">\r\n\t\t<div class=\"relative\">\r\n\t\t<a href=\"\/en\/cocuk-gelisim-testi\/\" class=\"d-block hover mb-3\">\r\n\t\t\t<div class=\"relative overflow-hidden rounded-20px shadow-soft\">\t\t\t\r\n\t\t\t\t\t\t\t\t\t<img decoding=\"async\" class=\"w-50 end-0 absolute hover-op-0 services_icon_image\"  src=\"https:\/\/themewant.com\/products\/wordpress\/mindthera\/wp-content\/uploads\/2024\/06\/flowers-crop-3-white-1.webp\" alt=\"services_icon_image\"\/>\r\n\t\t\t\t\t\t\t\t\t\t\t\t\t<div class=\"absolute start-0 w-100 abs-middle fs-36 text-white text-center\">\r\n\t\t\t\t\t\t<span class=\"btn-main hover-scale-in-2\">Details<\/span>\r\n\t\t\t\t\t<\/div>\r\n\t\t\t\t\t\t\t\t\t\t\t\t\t<img decoding=\"async\" class=\"img-fluid hover-scale-1-2\"  src=\"https:\/\/www.psikologleylakilic.com\/wp-content\/uploads\/2025\/04\/gelisim-testi.jpg\" alt=\"\"\/>\r\n\t\t\t\t\t\t\t<\/div>\r\n\t\t<\/a>\r\n\t\t\r\n\t<\/div>\t\r\n\t\t<h4>Geli\u015fim Testi <\/h4>\r\n\t\t\t\t\t\t<p class=\"disc no-bottom\">Ergenlerin geli\u015fim s\u00fcre\u00e7lerini analiz eden ve ya\u015flar\u0131na uygun geli\u015fim d\u00fczeylerini belirleyen testler.<\/p>\r\n\t\t\t\r\n    <\/div>\t\t\r\n<\/div>\t\t\t\t<\/div>\n\t\t\t\t<\/div>\n\t\t\t\t<\/div>\n\t\t\t\t<\/div>\n\t\t\t\t\t<\/div>\n\t\t\t\t<\/div>\n\t\t<div class=\"elementor-element elementor-element-25d5fa2 e-con-full e-flex rt-default-class e-con e-parent\" data-id=\"25d5fa2\" data-element_type=\"container\">\n\t\t<div class=\"elementor-element elementor-element-d2400d8 e-con-full rt-primary-bg e-flex e-con e-child\" data-id=\"d2400d8\" data-element_type=\"container\">\n\t\t\t\t<div class=\"elementor-element elementor-element-ebce7c3 elementor-view-default elementor-mobile-position-top elementor-vertical-align-top rt-default-class elementor-widget elementor-widget-icon-box\" data-id=\"ebce7c3\" data-element_type=\"widget\" data-widget_type=\"icon-box.default\">\n\t\t\t\t<div class=\"elementor-widget-container\">\n\t\t\t\t\t\t\t<div class=\"elementor-icon-box-wrapper\">\n\n\t\t\t\t\t\t<div class=\"elementor-icon-box-icon\">\n\t\t\t\t<span  class=\"elementor-icon\">\n\t\t\t\t<svg aria-hidden=\"true\" class=\"e-font-icon-svg e-far-clock\" viewbox=\"0 0 512 512\" xmlns=\"http:\/\/www.w3.org\/2000\/svg\"><path d=\"M256 8C119 8 8 119 8 256s111 248 248 248 248-111 248-248S393 8 256 8zm0 448c-110.5 0-200-89.5-200-200S145.5 56 256 56s200 89.5 200 200-89.5 200-200 200zm61.8-104.4l-84.9-61.7c-3.1-2.3-4.9-5.9-4.9-9.7V116c0-6.6 5.4-12 12-12h32c6.6 0 12 5.4 12 12v141.7l66.8 48.6c5.4 3.9 6.5 11.4 2.6 16.8L334.6 349c-3.9 5.3-11.4 6.5-16.8 2.6z\"><\/path><\/svg>\t\t\t\t<\/span>\n\t\t\t<\/div>\n\t\t\t\n\t\t\t\t\t\t<div class=\"elementor-icon-box-content\">\n\n\t\t\t\t\t\t\t\t\t<h3 class=\"elementor-icon-box-title\">\n\t\t\t\t\t\t<span  >\n\t\t\t\t\t\t\t\u00c7al\u0131\u015fma Saatlerimiz\t\t\t\t\t\t<\/span>\n\t\t\t\t\t<\/h3>\n\t\t\t\t\n\t\t\t\t\t\t\t\t\t<p class=\"elementor-icon-box-description\">\n\t\t\t\t\t\tPazartesi- Cumartesi: 10.00 -  20.00<br>\nPazar: Kapal\u0131\t\t\t\t\t<\/p>\n\t\t\t\t\n\t\t\t<\/div>\n\t\t\t\n\t\t<\/div>\n\t\t\t\t\t\t<\/div>\n\t\t\t\t<\/div>\n\t\t\t\t<div class=\"elementor-element elementor-element-fda4258 rt-default-class elementor-widget elementor-widget-react-button\" data-id=\"fda4258\" data-element_type=\"widget\" data-widget_type=\"react-button.default\">\n\t\t\t\t<div class=\"elementor-widget-container\">\n\t\t\t\t\t\t\n\t<div class=\"react-button  primary_btn\">\n\t\t\t\t<a class=\"react_button\" href=\"tel:%200(552)%20606%2036%2078\" target=\"_blank\">\n\t\t\t<span class=\"btn_text\">Randevu Al\u0131n<\/span>\t\t\n\t\t<\/a>\n\t<\/div>\n\t\t\t\t\t<\/div>\n\t\t\t\t<\/div>\n\t\t\t\t<\/div>\n\t\t<div class=\"elementor-element elementor-element-11e0800 e-con-full bg-color-2 e-flex e-con e-child\" data-id=\"11e0800\" data-element_type=\"container\">\n\t\t\t\t<div class=\"elementor-element elementor-element-2efa718 elementor-view-default elementor-mobile-position-top elementor-vertical-align-top rt-default-class elementor-widget elementor-widget-icon-box\" data-id=\"2efa718\" data-element_type=\"widget\" data-widget_type=\"icon-box.default\">\n\t\t\t\t<div class=\"elementor-widget-container\">\n\t\t\t\t\t\t\t<div class=\"elementor-icon-box-wrapper\">\n\n\t\t\t\t\t\t<div class=\"elementor-icon-box-icon\">\n\t\t\t\t<span  class=\"elementor-icon\">\n\t\t\t\t<i aria-hidden=\"true\" class=\"rt rt-location-dot\"><\/i>\t\t\t\t<\/span>\n\t\t\t<\/div>\n\t\t\t\n\t\t\t\t\t\t<div class=\"elementor-icon-box-content\">\n\n\t\t\t\t\t\t\t\t\t<h3 class=\"elementor-icon-box-title\">\n\t\t\t\t\t\t<span  >\n\t\t\t\t\t\t\tOfisimi Ziyaret Edebilirsiniz\t\t\t\t\t\t<\/span>\n\t\t\t\t\t<\/h3>\n\t\t\t\t\n\t\t\t\t\t\t\t\t\t<p class=\"elementor-icon-box-description\">\n\t\t\t\t\t\tK\u00f6rfez Mahallesi, Berk Sokak, Kat:2 No:224 Dolphin \u0130\u015f Merkezi \u0130zmit\t\t\t\t\t<\/p>\n\t\t\t\t\n\t\t\t<\/div>\n\t\t\t\n\t\t<\/div>\n\t\t\t\t\t\t<\/div>\n\t\t\t\t<\/div>\n\t\t\t\t<div class=\"elementor-element elementor-element-fdff538 rt-default-class elementor-widget elementor-widget-react-button\" data-id=\"fdff538\" data-element_type=\"widget\" data-widget_type=\"react-button.default\">\n\t\t\t\t<div class=\"elementor-widget-container\">\n\t\t\t\t\t\t\n\t<div class=\"react-button  primary_btn\">\n\t\t\t\t<a class=\"react_button\" href=\"https:\/\/maps.app.goo.gl\/eD7gCBC4EdLRwAMN8\" >\n\t\t\t<span class=\"btn_text\">Yol Tarifi Al<\/span>\t\t\n\t\t<\/a>\n\t<\/div>\n\t\t\t\t\t<\/div>\n\t\t\t\t<\/div>\n\t\t\t\t<\/div>\n\t\t\t\t<\/div>\n\t\t\t\t<\/div>","protected":false},"excerpt":{"rendered":"<p>Uzm. Kl. Psk. Leyla K\u0131l\u0131\u00e7 Hizmetlerimiz Detaylar Ergen Psikolojisi Ergenler i\u00e7in \u00f6zel olarak uygulanan psikolojik destek, geli\u015fimsel zorluklar\u0131 a\u015fmalar\u0131na yard\u0131mc\u0131 olur. Detaylar Aile Dan\u0131\u015fmanl\u0131\u011f\u0131 \u0130leti\u015fim becerilerini geli\u015ftiren terapiler, aile i\u00e7indeki ili\u015fkilerin sa\u011fl\u0131kl\u0131 ve a\u00e7\u0131k bir \u015fekilde yeniden kurulmas\u0131na yard\u0131mc\u0131 olur. Detaylar \u00c7\u00f6z\u00fcm Odakl\u0131 Terapi Sorunlardan \u00e7ok, \u00e7\u00f6z\u00fcm ve hedeflere odaklanarak k\u0131sa s\u00fcreli terap\u00f6tik destek sunan&#8230;<\/p>","protected":false},"author":1,"featured_media":0,"parent":0,"menu_order":0,"comment_status":"closed","ping_status":"closed","template":"elementor_header_footer","meta":{"footnotes":""},"class_list":["post-1703","page","type-page","status-publish","hentry"],"_links":{"self":[{"href":"https:\/\/www.psikologleylakilic.com\/en\/wp-json\/wp\/v2\/pages\/1703","targetHints":{"allow":["GET"]}}],"collection":[{"href":"https:\/\/www.psikologleylakilic.com\/en\/wp-json\/wp\/v2\/pages"}],"about":[{"href":"https:\/\/www.psikologleylakilic.com\/en\/wp-json\/wp\/v2\/types\/page"}],"author":[{"embeddable":true,"href":"https:\/\/www.psikologleylakilic.com\/en\/wp-json\/wp\/v2\/users\/1"}],"replies":[{"embeddable":true,"href":"https:\/\/www.psikologleylakilic.com\/en\/wp-json\/wp\/v2\/comments?post=1703"}],"version-history":[{"count":0,"href":"https:\/\/www.psikologleylakilic.com\/en\/wp-json\/wp\/v2\/pages\/1703\/revisions"}],"wp:attachment":[{"href":"https:\/\/www.psikologleylakilic.com\/en\/wp-json\/wp\/v2\/media?parent=1703"}],"curies":[{"name":"wp","href":"https:\/\/api.w.org\/{rel}","templated":true}]}}