{"id":2581,"date":"2025-03-19T14:21:36","date_gmt":"2025-03-19T11:21:36","guid":{"rendered":"https:\/\/www.psikologleylakilic.com\/?page_id=2581"},"modified":"2026-03-30T17:06:08","modified_gmt":"2026-03-30T14:06:08","slug":"galeri","status":"publish","type":"page","link":"https:\/\/www.psikologleylakilic.com\/en\/galeri\/","title":{"rendered":"Gallery"},"content":{"rendered":"<div data-elementor-type=\"wp-page\" data-elementor-id=\"2581\" class=\"elementor elementor-2581\">\n\t\t\t\t<div class=\"elementor-element elementor-element-a383540 e-flex e-con-boxed rt-default-class e-con e-parent\" data-id=\"a383540\" data-element_type=\"container\">\n\t\t\t\t\t<div class=\"e-con-inner\">\n\t\t<div class=\"elementor-element elementor-element-70c9612 e-con-full e-flex rt-default-class e-con e-child\" data-id=\"70c9612\" data-element_type=\"container\">\n\t\t\t\t<div class=\"elementor-element elementor-element-476850a gallery-spacing-custom rt-default-class elementor-widget elementor-widget-image-gallery\" data-id=\"476850a\" data-element_type=\"widget\" data-widget_type=\"image-gallery.default\">\n\t\t\t\t<div class=\"elementor-widget-container\">\n\t\t\t\t\t\t\t<div class=\"elementor-image-gallery\">\n\t\t\t<div id='gallery-1' class='gallery galleryid-2581 gallery-columns-4 gallery-size-full'><figure class='gallery-item'>\n\t\t\t<div class='gallery-icon portrait'>\n\t\t\t\t<a data-elementor-open-lightbox=\"yes\" data-elementor-lightbox-slideshow=\"476850a\" data-elementor-lightbox-title=\"38bb79c2bd74d4adb691efe5c10cbb4a\" data-e-action-hash=\"#elementor-action%3Aaction%3Dlightbox%26settings%3DeyJpZCI6MjU4NSwidXJsIjoiaHR0cHM6XC9cL3BzaWtvbG9nbGV5bGFraWxpYy5jb21cL3dwLWNvbnRlbnRcL3VwbG9hZHNcLzIwMjVcLzAzXC8zOGJiNzljMmJkNzRkNGFkYjY5MWVmZTVjMTBjYmI0YS5qcGVnIiwic2xpZGVzaG93IjoiNDc2ODUwYSJ9\" href='https:\/\/psikologleylakilic.com\/wp-content\/uploads\/2025\/03\/38bb79c2bd74d4adb691efe5c10cbb4a.jpeg'><img fetchpriority=\"high\" decoding=\"async\" width=\"397\" height=\"530\" src=\"https:\/\/psikologleylakilic.com\/wp-content\/uploads\/2025\/03\/38bb79c2bd74d4adb691efe5c10cbb4a.jpeg\" class=\"attachment-full size-full\" alt=\"\" srcset=\"https:\/\/www.psikologleylakilic.com\/wp-content\/uploads\/2025\/03\/38bb79c2bd74d4adb691efe5c10cbb4a.jpeg 397w, https:\/\/www.psikologleylakilic.com\/wp-content\/uploads\/2025\/03\/38bb79c2bd74d4adb691efe5c10cbb4a-225x300.jpeg 225w\" sizes=\"(max-width: 397px) 100vw, 397px\" \/><\/a>\n\t\t\t<\/div><\/figure><figure class='gallery-item'>\n\t\t\t<div class='gallery-icon landscape'>\n\t\t\t\t<a data-elementor-open-lightbox=\"yes\" data-elementor-lightbox-slideshow=\"476850a\" data-elementor-lightbox-title=\"leyla-kilic-gorus\" data-e-action-hash=\"#elementor-action%3Aaction%3Dlightbox%26settings%3DeyJpZCI6MjM3NSwidXJsIjoiaHR0cHM6XC9cL3BzaWtvbG9nbGV5bGFraWxpYy5jb21cL3dwLWNvbnRlbnRcL3VwbG9hZHNcLzIwMjVcLzAzXC9sZXlsYS1raWxpYy1nb3J1cy5qcGciLCJzbGlkZXNob3ciOiI0NzY4NTBhIn0%3D\" href='https:\/\/psikologleylakilic.com\/wp-content\/uploads\/2025\/03\/leyla-kilic-gorus.jpg'><img decoding=\"async\" width=\"500\" height=\"500\" src=\"https:\/\/psikologleylakilic.com\/wp-content\/uploads\/2025\/03\/leyla-kilic-gorus.jpg\" class=\"attachment-full size-full\" alt=\"\" srcset=\"https:\/\/www.psikologleylakilic.com\/wp-content\/uploads\/2025\/03\/leyla-kilic-gorus.jpg 500w, https:\/\/www.psikologleylakilic.com\/wp-content\/uploads\/2025\/03\/leyla-kilic-gorus-300x300.jpg 300w, https:\/\/www.psikologleylakilic.com\/wp-content\/uploads\/2025\/03\/leyla-kilic-gorus-150x150.jpg 150w, https:\/\/www.psikologleylakilic.com\/wp-content\/uploads\/2025\/03\/leyla-kilic-gorus-87x87.jpg 87w\" sizes=\"(max-width: 500px) 100vw, 500px\" \/><\/a>\n\t\t\t<\/div><\/figure><figure class='gallery-item'>\n\t\t\t<div class='gallery-icon portrait'>\n\t\t\t\t<a data-elementor-open-lightbox=\"yes\" data-elementor-lightbox-slideshow=\"476850a\" data-elementor-lightbox-title=\"59727408d071ec0507242c50f9eaec74\" data-e-action-hash=\"#elementor-action%3Aaction%3Dlightbox%26settings%3DeyJpZCI6MjM5NCwidXJsIjoiaHR0cHM6XC9cL3BzaWtvbG9nbGV5bGFraWxpYy5jb21cL3dwLWNvbnRlbnRcL3VwbG9hZHNcLzIwMjVcLzAzXC81OTcyNzQwOGQwNzFlYzA1MDcyNDJjNTBmOWVhZWM3NC5qcGVnIiwic2xpZGVzaG93IjoiNDc2ODUwYSJ9\" href='https:\/\/psikologleylakilic.com\/wp-content\/uploads\/2025\/03\/59727408d071ec0507242c50f9eaec74.jpeg'><img decoding=\"async\" width=\"529\" height=\"530\" src=\"https:\/\/psikologleylakilic.com\/wp-content\/uploads\/2025\/03\/59727408d071ec0507242c50f9eaec74.jpeg\" class=\"attachment-full size-full\" alt=\"\" srcset=\"https:\/\/www.psikologleylakilic.com\/wp-content\/uploads\/2025\/03\/59727408d071ec0507242c50f9eaec74.jpeg 529w, https:\/\/www.psikologleylakilic.com\/wp-content\/uploads\/2025\/03\/59727408d071ec0507242c50f9eaec74-300x300.jpeg 300w, https:\/\/www.psikologleylakilic.com\/wp-content\/uploads\/2025\/03\/59727408d071ec0507242c50f9eaec74-150x150.jpeg 150w, https:\/\/www.psikologleylakilic.com\/wp-content\/uploads\/2025\/03\/59727408d071ec0507242c50f9eaec74-87x87.jpeg 87w\" sizes=\"(max-width: 529px) 100vw, 529px\" \/><\/a>\n\t\t\t<\/div><\/figure><figure class='gallery-item'>\n\t\t\t<div class='gallery-icon portrait'>\n\t\t\t\t<a data-elementor-open-lightbox=\"yes\" data-elementor-lightbox-slideshow=\"476850a\" data-elementor-lightbox-title=\"15e1d5e3ec6f9c2968a61e88132fce6d\" data-e-action-hash=\"#elementor-action%3Aaction%3Dlightbox%26settings%3DeyJpZCI6MjU4MywidXJsIjoiaHR0cHM6XC9cL3BzaWtvbG9nbGV5bGFraWxpYy5jb21cL3dwLWNvbnRlbnRcL3VwbG9hZHNcLzIwMjVcLzAzXC8xNWUxZDVlM2VjNmY5YzI5NjhhNjFlODgxMzJmY2U2ZC5qcGVnIiwic2xpZGVzaG93IjoiNDc2ODUwYSJ9\" href='https:\/\/psikologleylakilic.com\/wp-content\/uploads\/2025\/03\/15e1d5e3ec6f9c2968a61e88132fce6d.jpeg'><img loading=\"lazy\" decoding=\"async\" width=\"397\" height=\"530\" src=\"https:\/\/psikologleylakilic.com\/wp-content\/uploads\/2025\/03\/15e1d5e3ec6f9c2968a61e88132fce6d.jpeg\" class=\"attachment-full size-full\" alt=\"\" srcset=\"https:\/\/www.psikologleylakilic.com\/wp-content\/uploads\/2025\/03\/15e1d5e3ec6f9c2968a61e88132fce6d.jpeg 397w, https:\/\/www.psikologleylakilic.com\/wp-content\/uploads\/2025\/03\/15e1d5e3ec6f9c2968a61e88132fce6d-225x300.jpeg 225w\" sizes=\"(max-width: 397px) 100vw, 397px\" \/><\/a>\n\t\t\t<\/div><\/figure>\n\t\t<\/div>\n\t\t<\/div>\n\t\t\t\t\t\t<\/div>\n\t\t\t\t<\/div>\n\t\t\t\t<\/div>\n\t\t<div class=\"elementor-element elementor-element-fcfa038 e-con-full e-flex rt-default-class e-con e-child\" data-id=\"fcfa038\" data-element_type=\"container\">\n\t\t\t\t<\/div>\n\t\t\t\t\t<\/div>\n\t\t\t\t<\/div>\n\t\t<div class=\"elementor-element elementor-element-4537c90 e-con-full e-flex rt-default-class e-con e-parent\" data-id=\"4537c90\" data-element_type=\"container\">\n\t\t<div class=\"elementor-element elementor-element-0f1f993 e-con-full rt-primary-bg e-flex e-con e-child\" data-id=\"0f1f993\" data-element_type=\"container\">\n\t\t\t\t<div class=\"elementor-element elementor-element-04c3c29 elementor-view-default elementor-mobile-position-top elementor-vertical-align-top rt-default-class elementor-widget elementor-widget-icon-box\" data-id=\"04c3c29\" data-element_type=\"widget\" data-widget_type=\"icon-box.default\">\n\t\t\t\t<div class=\"elementor-widget-container\">\n\t\t\t\t\t\t\t<div class=\"elementor-icon-box-wrapper\">\n\n\t\t\t\t\t\t<div class=\"elementor-icon-box-icon\">\n\t\t\t\t<span  class=\"elementor-icon\">\n\t\t\t\t<svg aria-hidden=\"true\" class=\"e-font-icon-svg e-far-clock\" viewbox=\"0 0 512 512\" xmlns=\"http:\/\/www.w3.org\/2000\/svg\"><path d=\"M256 8C119 8 8 119 8 256s111 248 248 248 248-111 248-248S393 8 256 8zm0 448c-110.5 0-200-89.5-200-200S145.5 56 256 56s200 89.5 200 200-89.5 200-200 200zm61.8-104.4l-84.9-61.7c-3.1-2.3-4.9-5.9-4.9-9.7V116c0-6.6 5.4-12 12-12h32c6.6 0 12 5.4 12 12v141.7l66.8 48.6c5.4 3.9 6.5 11.4 2.6 16.8L334.6 349c-3.9 5.3-11.4 6.5-16.8 2.6z\"><\/path><\/svg>\t\t\t\t<\/span>\n\t\t\t<\/div>\n\t\t\t\n\t\t\t\t\t\t<div class=\"elementor-icon-box-content\">\n\n\t\t\t\t\t\t\t\t\t<h3 class=\"elementor-icon-box-title\">\n\t\t\t\t\t\t<span  >\n\t\t\t\t\t\t\t\u00c7al\u0131\u015fma Saatlerimiz\t\t\t\t\t\t<\/span>\n\t\t\t\t\t<\/h3>\n\t\t\t\t\n\t\t\t\t\t\t\t\t\t<p class=\"elementor-icon-box-description\">\n\t\t\t\t\t\t<span style=\"text-align: left; white-space-collapse: collapse;\">Pazartesi - Cumartesi: 10.00 - 20.00<\/span><br style=\"text-align: left; white-space-collapse: collapse;\"><span style=\"text-align: left; white-space-collapse: collapse;\">Pazar: Kapal\u0131<\/span>\t\t\t\t\t<\/p>\n\t\t\t\t\n\t\t\t<\/div>\n\t\t\t\n\t\t<\/div>\n\t\t\t\t\t\t<\/div>\n\t\t\t\t<\/div>\n\t\t\t\t<div class=\"elementor-element elementor-element-f81833e rt-default-class elementor-widget elementor-widget-react-button\" data-id=\"f81833e\" data-element_type=\"widget\" data-widget_type=\"react-button.default\">\n\t\t\t\t<div class=\"elementor-widget-container\">\n\t\t\t\t\t\t\n\t<div class=\"react-button  primary_btn\">\n\t\t\t\t<a class=\"react_button\" href=\"tel:%200(552)%20606%2036%2078\" >\n\t\t\t<span class=\"btn_text\">Randevu Al\u0131n<\/span>\t\t\n\t\t<\/a>\n\t<\/div>\n\t\t\t\t\t<\/div>\n\t\t\t\t<\/div>\n\t\t\t\t<\/div>\n\t\t<div class=\"elementor-element elementor-element-6d26992 e-con-full bg-color-2 e-flex e-con e-child\" data-id=\"6d26992\" data-element_type=\"container\">\n\t\t\t\t<div class=\"elementor-element elementor-element-fb9018d elementor-view-default elementor-mobile-position-top elementor-vertical-align-top rt-default-class elementor-widget elementor-widget-icon-box\" data-id=\"fb9018d\" data-element_type=\"widget\" data-widget_type=\"icon-box.default\">\n\t\t\t\t<div class=\"elementor-widget-container\">\n\t\t\t\t\t\t\t<div class=\"elementor-icon-box-wrapper\">\n\n\t\t\t\t\t\t<div class=\"elementor-icon-box-icon\">\n\t\t\t\t<span  class=\"elementor-icon\">\n\t\t\t\t<i aria-hidden=\"true\" class=\"rt rt-location-dot\"><\/i>\t\t\t\t<\/span>\n\t\t\t<\/div>\n\t\t\t\n\t\t\t\t\t\t<div class=\"elementor-icon-box-content\">\n\n\t\t\t\t\t\t\t\t\t<h3 class=\"elementor-icon-box-title\">\n\t\t\t\t\t\t<span  >\n\t\t\t\t\t\t\tOfisimi Ziyaret Edebilirsiniz\t\t\t\t\t\t<\/span>\n\t\t\t\t\t<\/h3>\n\t\t\t\t\n\t\t\t\t\t\t\t\t\t<p class=\"elementor-icon-box-description\">\n\t\t\t\t\t\tK\u00f6rfez Mahallesi Bek\u00e7i Sokak No:25 Kat:1 Daire:4 Ba\u015fiskele \u2013 Kocaeli\n\t\t\t\t\t<\/p>\n\t\t\t\t\n\t\t\t<\/div>\n\t\t\t\n\t\t<\/div>\n\t\t\t\t\t\t<\/div>\n\t\t\t\t<\/div>\n\t\t\t\t<div class=\"elementor-element elementor-element-799bc1d rt-default-class elementor-widget elementor-widget-react-button\" data-id=\"799bc1d\" data-element_type=\"widget\" data-widget_type=\"react-button.default\">\n\t\t\t\t<div class=\"elementor-widget-container\">\n\t\t\t\t\t\t\n\t<div class=\"react-button  primary_btn\">\n\t\t\t\t<a class=\"react_button\" href=\"https:\/\/maps.app.goo.gl\/eD7gCBC4EdLRwAMN8\" target=\"_blank\" rel=\"noopener\">\n\t\t\t<span class=\"btn_text\">Yol Tarifi Al<\/span>\t\t\n\t\t<\/a>\n\t<\/div>\n\t\t\t\t\t<\/div>\n\t\t\t\t<\/div>\n\t\t\t\t<\/div>\n\t\t\t\t<\/div>\n\t\t\t\t<\/div>","protected":false},"excerpt":{"rendered":"<p>\u00c7al\u0131\u015fma Saatlerimiz Pazartesi &#8211; Cumartesi: 10.00 &#8211; 20.00Pazar: Kapal\u0131 Randevu Al\u0131n Ofisimi Ziyaret Edebilirsiniz K\u00f6rfez Mahallesi Bek\u00e7i Sokak No:25 Kat:1 Daire:4 Ba\u015fiskele \u2013 Kocaeli Yol Tarifi Al<\/p>","protected":false},"author":1,"featured_media":0,"parent":0,"menu_order":0,"comment_status":"closed","ping_status":"closed","template":"elementor_header_footer","meta":{"footnotes":""},"class_list":["post-2581","page","type-page","status-publish","hentry"],"_links":{"self":[{"href":"https:\/\/www.psikologleylakilic.com\/en\/wp-json\/wp\/v2\/pages\/2581","targetHints":{"allow":["GET"]}}],"collection":[{"href":"https:\/\/www.psikologleylakilic.com\/en\/wp-json\/wp\/v2\/pages"}],"about":[{"href":"https:\/\/www.psikologleylakilic.com\/en\/wp-json\/wp\/v2\/types\/page"}],"author":[{"embeddable":true,"href":"https:\/\/www.psikologleylakilic.com\/en\/wp-json\/wp\/v2\/users\/1"}],"replies":[{"embeddable":true,"href":"https:\/\/www.psikologleylakilic.com\/en\/wp-json\/wp\/v2\/comments?post=2581"}],"version-history":[{"count":18,"href":"https:\/\/www.psikologleylakilic.com\/en\/wp-json\/wp\/v2\/pages\/2581\/revisions"}],"predecessor-version":[{"id":3451,"href":"https:\/\/www.psikologleylakilic.com\/en\/wp-json\/wp\/v2\/pages\/2581\/revisions\/3451"}],"wp:attachment":[{"href":"https:\/\/www.psikologleylakilic.com\/en\/wp-json\/wp\/v2\/media?parent=2581"}],"curies":[{"name":"wp","href":"https:\/\/api.w.org\/{rel}","templated":true}]}}