{"id":411,"date":"2024-06-24T11:40:33","date_gmt":"2024-06-24T11:40:33","guid":{"rendered":"http:\/\/192.168.0.235:10022\/?page_id=411"},"modified":"2026-03-30T16:52:11","modified_gmt":"2026-03-30T13:52:11","slug":"hakkimizda","status":"publish","type":"page","link":"https:\/\/www.psikologleylakilic.com\/en\/hakkimizda\/","title":{"rendered":"About Us"},"content":{"rendered":"<div data-elementor-type=\"wp-page\" data-elementor-id=\"411\" class=\"elementor elementor-411\">\n\t\t\t\t<div class=\"elementor-element elementor-element-8c1c919 e-con-full e-flex rt-default-class e-con e-parent\" data-id=\"8c1c919\" data-element_type=\"container\">\n\t\t<div class=\"elementor-element elementor-element-48cbf47 e-flex e-con-boxed rt-default-class e-con e-child\" data-id=\"48cbf47\" data-element_type=\"container\">\n\t\t\t\t\t<div class=\"e-con-inner\">\n\t\t<div class=\"elementor-element elementor-element-ff5918d e-con-full e-flex rt-default-class e-con e-child\" data-id=\"ff5918d\" data-element_type=\"container\">\n\t\t\t\t<div class=\"elementor-element elementor-element-1ab8e9d elementor-widget__width-initial rt-default-class elementor-widget elementor-widget-react-heading\" data-id=\"1ab8e9d\" data-element_type=\"widget\" data-widget_type=\"react-heading.default\">\n\t\t\t\t<div class=\"elementor-widget-container\">\n\t\t\t\t\t\t\t<div class=\"animation-wow fadeInUp react-heading default\">\r\n\t\t\t<div class=\"title-inner\">\r\n\t\t\t\t<span class=\"custom sub-text subtitle wow fadeInUp\">Uzm. Kl. Psk. Leyla K\u0131l\u0131\u00e7<\/span><div class=\"wow fadeInUp\"><h2 class=\"title word-line\">De\u011fi\u015fim Sizinle Ba\u015flar<\/h2><\/div>\t\t\t<\/div>\r\n\t\t\t\r\n\t\t\t\t\t\t\t\t<\/div>\t\t\t\r\n\t\t\t\t\t<\/div>\n\t\t\t\t<\/div>\n\t\t\t\t<\/div>\n\t\t\t\t\t<\/div>\n\t\t\t\t<\/div>\n\t\t<div class=\"elementor-element elementor-element-5c9bf27 e-flex e-con-boxed rt-default-class e-con e-child\" data-id=\"5c9bf27\" data-element_type=\"container\">\n\t\t\t\t\t<div class=\"e-con-inner\">\n\t\t<div class=\"elementor-element elementor-element-f386674 e-con-full e-flex rt-default-class e-con e-child\" data-id=\"f386674\" data-element_type=\"container\">\n\t\t\t\t<div class=\"elementor-element elementor-element-03d3471 rt-default-class elementor-widget elementor-widget-react-heading\" data-id=\"03d3471\" data-element_type=\"widget\" data-widget_type=\"react-heading.default\">\n\t\t\t\t<div class=\"elementor-widget-container\">\n\t\t\t\t\t\t\t<div class=\"animation-wow fadeInRight react-heading default\">\r\n\t\t\t<div class=\"title-inner\">\r\n\t\t\t\t<div class=\"wow fadeInRight\"><h4 class=\"title word-line\">Uzm. Kl. Psk. Leyla K\u0131l\u0131\u00e7<\/h4><\/div>\t\t\t<\/div>\r\n\t\t\t\r\n\t\t\t\t\t\t\t<div class=\"description wow fadeInRight\">\r\n\t\t\t\t\t<h2 data-start=\"512\" data-end=\"561\"><strong data-start=\"515\" data-end=\"559\">Uzm. Klinik Psikolog Leyla K\u0131l\u0131\u00e7 Kimdir?<\/strong><\/h2>\t\t\t\t<\/div>\r\n\t\t\t\t\t\t\t\t<\/div>\t\t\t\r\n\t\t\t\t\t<\/div>\n\t\t\t\t<\/div>\n\t\t\t\t<div class=\"elementor-element elementor-element-da81d01 rt-default-class elementor-widget elementor-widget-react-heading\" data-id=\"da81d01\" data-element_type=\"widget\" data-widget_type=\"react-heading.default\">\n\t\t\t\t<div class=\"elementor-widget-container\">\n\t\t\t\t\t\t\t<div class=\"animation-wow fadeInUp react-heading default\">\r\n\t\t\t<div class=\"title-inner\">\r\n\t\t\t\t\t\t\t<\/div>\r\n\t\t\t\r\n\t\t\t\t\t\t\t<div class=\"description wow fadeInUp\">\r\n\t\t\t\t\t<p>Uzm. Klinik Psikolog\/ Psikoterapist Leyla K\u0131l\u0131\u00e7, 2014 y\u0131l\u0131nda Hali\u00e7 \u00dcniversitesi Psikoloji b\u00f6l\u00fcm\u00fcnden mezun olup, ayn\u0131 \u00fcniversitede Klinik Psikoloji Y\u00fckseklisans e\u011fitimini \u2018\u2019Evli \u00e7iftlerde Cinsel \u0130\u015flev Bozukluklar\u0131 ile Ba\u011flanma Stilleri Aras\u0131ndaki ili\u015fkinin Ara\u015ft\u0131r\u0131lmas\u0131\u2019\u2019 konulu tez \u00e7al\u0131\u015fmas\u0131yla tamamlam\u0131\u015ft\u0131r.<\/p><p>Erasmus program\u0131 \u00e7er\u00e7evesinde Hollanda Saxion \u00dcniversitesine gidip psikodrama derslerine, b\u00f6lgede bulunan Ruh ve Sinir hastal\u0131klar\u0131 hastanesinde e\u011fitimlere kat\u0131l\u0131p g\u00f6zlem yapm\u0131\u015ft\u0131r. 2014-2017 y\u0131llar\u0131 aras\u0131nda psikolojik dan\u0131\u015fmanl\u0131k merkezlerinde hizmet vermi\u015ftir.\u00a0 2018 y\u0131l\u0131nda kurucusu oldu\u011fu Leyla K\u0131l\u0131\u00e7 Psikoloji Klini\u011fi b\u00fcnyesinde, 10 y\u0131l\u0131 a\u015fk\u0131n tecr\u00fcbesiyle; ergen, yeti\u015fkin, \u00e7ift ve ailelere hizmet vermektedir.<\/p><p>Lisans ve y\u00fckseklisans e\u011fitimleri s\u00fcresince \u00e7e\u015fitli psikolojik test ve psikoterapi e\u011fitimleri alm\u0131\u015ft\u0131r; <br \/>\u00c7ocuk De\u011ferlendirme E\u011fitimi \u2013 T\u00fcrk Psikologlar Derne\u011fi<br \/>* Ankara Geli\u015fim Tarama Envanteri<br \/>* Peabody Resim Kelime Tan\u0131ma Testi <br \/>* Resim \u00c7izme Testleri<br \/>* Bender Gestalt G\u00f6rsel Motor Alg\u0131 Testi <br \/>* C\u00fcmle Tamamlama Testi (Beier) <br \/>* Duygu Durumu \u00d6l\u00e7ekleri<br \/>* Metropolitan Okul Olgunlu\u011fu Testi<br \/>* Citeb (Cinsel Terapi E\u011fitim Bilimleri Enstit\u00fcs\u00fc) <br \/>Cinsel Terapi, Evlilik ve \u00c7ift Terapisi, Bo\u015fanma Terapisi<br \/>Mmp\u0131 Uygulama ve Yorumlama E\u011fitimi \u2013 T\u00fcrk Psikologlar Derne\u011fi<br \/>Bili\u015fsel-Davran\u0131\u015f\u00e7\u0131 Terapi E\u011fitimi \u2013 Prof.Dr. Hakan T\u00fcrk\u00e7apar <br \/>Resim Yorumlama ve Projektif \u00c7izim Testleri E\u011fitimi \u2013 Dr. \u00d6nder Baltac\u0131<br \/>Oyun Terapisi E\u011fitimi \u2013 \u0130stanbul Psikoloji Enstit\u00fcs\u00fc<br \/>Wisc-r Testi E\u011fitimi \u2013 Klinik Psikoloji Enstit\u00fcs\u00fc<br \/>Rorschach Testi E\u011fitimi \u2013 Rorschach Projektif Testler Derne\u011fi<br \/>EMDR Terapi E\u011fitimi \u2014 Zi&amp;On Psikiyatri Akademisi Do\u00e7.Dr. Onur Okan Demirci<br \/>Uluslararasi Travma \u00c7alismalar Sertifika Program\u0131 - World Human Relief<\/p>\t\t\t\t<\/div>\r\n\t\t\t\t\t\t\t\t<\/div>\t\t\t\r\n\t\t\t\t\t<\/div>\n\t\t\t\t<\/div>\n\t\t\t\t<\/div>\n\t\t<div class=\"elementor-element elementor-element-9bada26 e-con-full e-flex rt-default-class e-con e-child\" data-id=\"9bada26\" data-element_type=\"container\">\n\t\t\t\t<div class=\"elementor-element elementor-element-0213625 rt-default-class elementor-widget elementor-widget-image\" data-id=\"0213625\" data-element_type=\"widget\" data-widget_type=\"image.default\">\n\t\t\t\t<div class=\"elementor-widget-container\">\n\t\t\t\t\t\t\t\t\t\t\t\t\t\t\t<img fetchpriority=\"high\" decoding=\"async\" width=\"640\" height=\"363\" src=\"https:\/\/www.psikologleylakilic.com\/wp-content\/uploads\/2025\/09\/leyla-kilic-yazilar-kocaeli-psikolog-1024x580.jpg\" class=\"attachment-large size-large wp-image-3212\" alt=\"\" srcset=\"https:\/\/www.psikologleylakilic.com\/wp-content\/uploads\/2025\/09\/leyla-kilic-yazilar-kocaeli-psikolog-1024x580.jpg 1024w, https:\/\/www.psikologleylakilic.com\/wp-content\/uploads\/2025\/09\/leyla-kilic-yazilar-kocaeli-psikolog-300x170.jpg 300w, https:\/\/www.psikologleylakilic.com\/wp-content\/uploads\/2025\/09\/leyla-kilic-yazilar-kocaeli-psikolog-768x435.jpg 768w, https:\/\/www.psikologleylakilic.com\/wp-content\/uploads\/2025\/09\/leyla-kilic-yazilar-kocaeli-psikolog-18x10.jpg 18w, https:\/\/www.psikologleylakilic.com\/wp-content\/uploads\/2025\/09\/leyla-kilic-yazilar-kocaeli-psikolog.jpg 1500w\" sizes=\"(max-width: 640px) 100vw, 640px\" \/>\t\t\t\t\t\t\t\t\t\t\t\t\t\t\t<\/div>\n\t\t\t\t<\/div>\n\t\t\t\t<div class=\"elementor-element elementor-element-99a882c rt-default-class elementor-widget elementor-widget-image\" data-id=\"99a882c\" data-element_type=\"widget\" data-widget_type=\"image.default\">\n\t\t\t\t<div class=\"elementor-widget-container\">\n\t\t\t\t\t\t\t\t\t\t\t\t\t\t\t<img decoding=\"async\" width=\"640\" height=\"426\" src=\"https:\/\/www.psikologleylakilic.com\/wp-content\/uploads\/2025\/03\/leyla-kilic-ofis-1024x682.jpg\" class=\"attachment-large size-large wp-image-2884\" alt=\"\" srcset=\"https:\/\/www.psikologleylakilic.com\/wp-content\/uploads\/2025\/03\/leyla-kilic-ofis-1024x682.jpg 1024w, https:\/\/www.psikologleylakilic.com\/wp-content\/uploads\/2025\/03\/leyla-kilic-ofis-300x200.jpg 300w, https:\/\/www.psikologleylakilic.com\/wp-content\/uploads\/2025\/03\/leyla-kilic-ofis-768x512.jpg 768w, https:\/\/www.psikologleylakilic.com\/wp-content\/uploads\/2025\/03\/leyla-kilic-ofis-1536x1024.jpg 1536w, https:\/\/www.psikologleylakilic.com\/wp-content\/uploads\/2025\/03\/leyla-kilic-ofis-18x12.jpg 18w, https:\/\/www.psikologleylakilic.com\/wp-content\/uploads\/2025\/03\/leyla-kilic-ofis.jpg 2000w\" sizes=\"(max-width: 640px) 100vw, 640px\" \/>\t\t\t\t\t\t\t\t\t\t\t\t\t\t\t<\/div>\n\t\t\t\t<\/div>\n\t\t\t\t<div class=\"elementor-element elementor-element-e74bd19 rt-default-class elementor-widget elementor-widget-image\" data-id=\"e74bd19\" data-element_type=\"widget\" data-widget_type=\"image.default\">\n\t\t\t\t<div class=\"elementor-widget-container\">\n\t\t\t\t\t\t\t\t\t\t\t\t\t\t\t<img decoding=\"async\" width=\"640\" height=\"363\" src=\"https:\/\/www.psikologleylakilic.com\/wp-content\/uploads\/2025\/09\/leyla-kilic-kocaeli-psikolog-1024x580.jpg\" class=\"attachment-large size-large wp-image-3226\" alt=\"\" srcset=\"https:\/\/www.psikologleylakilic.com\/wp-content\/uploads\/2025\/09\/leyla-kilic-kocaeli-psikolog-1024x580.jpg 1024w, https:\/\/www.psikologleylakilic.com\/wp-content\/uploads\/2025\/09\/leyla-kilic-kocaeli-psikolog-300x170.jpg 300w, https:\/\/www.psikologleylakilic.com\/wp-content\/uploads\/2025\/09\/leyla-kilic-kocaeli-psikolog-768x435.jpg 768w, https:\/\/www.psikologleylakilic.com\/wp-content\/uploads\/2025\/09\/leyla-kilic-kocaeli-psikolog-18x10.jpg 18w, https:\/\/www.psikologleylakilic.com\/wp-content\/uploads\/2025\/09\/leyla-kilic-kocaeli-psikolog.jpg 1500w\" sizes=\"(max-width: 640px) 100vw, 640px\" \/>\t\t\t\t\t\t\t\t\t\t\t\t\t\t\t<\/div>\n\t\t\t\t<\/div>\n\t\t\t\t<\/div>\n\t\t\t\t\t<\/div>\n\t\t\t\t<\/div>\n\t\t<div class=\"elementor-element elementor-element-c1ec08a e-flex e-con-boxed rt-default-class e-con e-child\" data-id=\"c1ec08a\" data-element_type=\"container\">\n\t\t\t\t\t<div class=\"e-con-inner\">\n\t\t<div class=\"elementor-element elementor-element-3093fdb e-con-full e-flex rt-default-class e-con e-child\" data-id=\"3093fdb\" data-element_type=\"container\">\n\t\t\t\t<div class=\"elementor-element elementor-element-d4a845d rt-default-class elementor-widget elementor-widget-image\" data-id=\"d4a845d\" data-element_type=\"widget\" data-widget_type=\"image.default\">\n\t\t\t\t<div class=\"elementor-widget-container\">\n\t\t\t\t\t\t\t\t\t\t\t\t\t\t\t<img loading=\"lazy\" decoding=\"async\" width=\"570\" height=\"480\" src=\"https:\/\/www.psikologleylakilic.com\/wp-content\/uploads\/2025\/03\/leyla-kilic-uzman-klinik-psikolog-gonderi.jpg\" class=\"attachment-large size-large wp-image-2894\" alt=\"\" srcset=\"https:\/\/www.psikologleylakilic.com\/wp-content\/uploads\/2025\/03\/leyla-kilic-uzman-klinik-psikolog-gonderi.jpg 570w, https:\/\/www.psikologleylakilic.com\/wp-content\/uploads\/2025\/03\/leyla-kilic-uzman-klinik-psikolog-gonderi-300x253.jpg 300w, https:\/\/www.psikologleylakilic.com\/wp-content\/uploads\/2025\/03\/leyla-kilic-uzman-klinik-psikolog-gonderi-14x12.jpg 14w\" sizes=\"(max-width: 570px) 100vw, 570px\" \/>\t\t\t\t\t\t\t\t\t\t\t\t\t\t\t<\/div>\n\t\t\t\t<\/div>\n\t\t\t\t<\/div>\n\t\t<div class=\"elementor-element elementor-element-73c88a2 e-con-full e-flex rt-default-class e-con e-child\" data-id=\"73c88a2\" data-element_type=\"container\">\n\t\t\t\t<div class=\"elementor-element elementor-element-4206b41 rt-default-class elementor-widget elementor-widget-react-heading\" data-id=\"4206b41\" data-element_type=\"widget\" data-widget_type=\"react-heading.default\">\n\t\t\t\t<div class=\"elementor-widget-container\">\n\t\t\t\t\t\t\t<div class=\"animation-wow fadeInRight react-heading default\">\r\n\t\t\t<div class=\"title-inner\">\r\n\t\t\t\t<div class=\"wow fadeInRight\"><h4 class=\"title word-line\">Uzm. Kl. Psk. Leyla K\u0131l\u0131\u00e7<\/h4><\/div>\t\t\t<\/div>\r\n\t\t\t\r\n\t\t\t\t\t\t\t<div class=\"description wow fadeInRight\">\r\n\t\t\t\t\t<h2 data-start=\"512\" data-end=\"561\"><strong data-start=\"515\" data-end=\"559\">Neden Biz?<\/strong><\/h2>\t\t\t\t<\/div>\r\n\t\t\t\t\t\t\t\t<\/div>\t\t\t\r\n\t\t\t\t\t<\/div>\n\t\t\t\t<\/div>\n\t\t\t\t<div class=\"elementor-element elementor-element-38056e1 custom-list rt-default-class elementor-widget elementor-widget-react-heading\" data-id=\"38056e1\" data-element_type=\"widget\" data-widget_type=\"react-heading.default\">\n\t\t\t\t<div class=\"elementor-widget-container\">\n\t\t\t\t\t\t\t<div class=\"animation-wow fadeInUp react-heading default\">\r\n\t\t\t<div class=\"title-inner\">\r\n\t\t\t\t\t\t\t<\/div>\r\n\t\t\t\r\n\t\t\t\t\t\t\t<div class=\"description wow fadeInUp\">\r\n\t\t\t\t\t<ol><li><span style=\"color: #339966\">Bilimsel ve Etik Yakla\u015f\u0131m:<\/span> T\u00fcm terapilerimiz bilimsel y\u00f6ntemlere dayan\u0131r ve etik ilkeler \u00e7er\u00e7evesinde y\u00fcr\u00fct\u00fcl\u00fcr.<\/li><li><span style=\"color: #339966\">Bireysel, \u00c7ift ve Aile Terapileri:<\/span> Dan\u0131\u015fanlar\u0131m\u0131z\u0131n ihtiya\u00e7lar\u0131na y\u00f6nelik \u00e7e\u015fitli terapi y\u00f6ntemleri sunuyoruz.<\/li><li><span style=\"color: #339966\">Deneyim ve Uzmanl\u0131k:<\/span> Y\u0131llar\u0131n deneyimi ve akademik ge\u00e7mi\u015fimizle, dan\u0131\u015fanlar\u0131m\u0131za en iyi deste\u011fi sa\u011fl\u0131yoruz.<\/li><li><span style=\"color: #339966\">Gizlilik ve G\u00fcven:<\/span> Terapilerde dan\u0131\u015fan gizlili\u011fini ve g\u00fcvenli\u011fini her zaman \u00f6n planda tutuyoruz.<\/li><\/ol>\t\t\t\t<\/div>\r\n\t\t\t\t\t\t\t\t<\/div>\t\t\t\r\n\t\t\t\t\t<\/div>\n\t\t\t\t<\/div>\n\t\t\t\t<\/div>\n\t\t\t\t\t<\/div>\n\t\t\t\t<\/div>\n\t\t<div class=\"elementor-element elementor-element-a22d45f e-con-full e-flex rt-default-class e-con e-child\" data-id=\"a22d45f\" data-element_type=\"container\">\n\t\t\t\t<div class=\"elementor-element elementor-element-149cad2 elementor-absolute rt-default-class elementor-widget elementor-widget-rt-react-image\" data-id=\"149cad2\" data-element_type=\"widget\" data-settings=\"{&quot;_position&quot;:&quot;absolute&quot;}\" data-widget_type=\"rt-react-image.default\">\n\t\t\t\t<div class=\"elementor-widget-container\">\n\t\t\t\t\t        \n        <div class=\"react-image\">\n                            <img decoding=\"async\" class=\"react-multi-image wow scaleIn\" src=\"https:\/\/themewant.com\/products\/wordpress\/mindthera\/wp-content\/uploads\/2024\/07\/flowers-crop-4.webp\"  alt=\"\"\/>\n                    <\/div>       \n    \t\t\t\t<\/div>\n\t\t\t\t<\/div>\n\t\t\t\t<\/div>\n\t\t\t\t<\/div>\n\t\t<div class=\"elementor-element elementor-element-bfc3bf1 e-con-full e-flex rt-default-class e-con e-parent\" data-id=\"bfc3bf1\" data-element_type=\"container\">\n\t\t<div class=\"elementor-element elementor-element-8a925d8 e-con-full e-grid rt-default-class e-con e-child\" data-id=\"8a925d8\" data-element_type=\"container\">\n\t\t\t\t<div class=\"elementor-element elementor-element-8f50cf7 rt-primary-bg elementor-view-default elementor-position-top elementor-mobile-position-top elementor-widget elementor-widget-icon-box\" data-id=\"8f50cf7\" data-element_type=\"widget\" data-widget_type=\"icon-box.default\">\n\t\t\t\t<div class=\"elementor-widget-container\">\n\t\t\t\t\t\t\t<div class=\"elementor-icon-box-wrapper\">\n\n\t\t\t\t\t\t<div class=\"elementor-icon-box-icon\">\n\t\t\t\t<span  class=\"elementor-icon\">\n\t\t\t\t<svg aria-hidden=\"true\" class=\"e-font-icon-svg e-far-clock\" viewbox=\"0 0 512 512\" xmlns=\"http:\/\/www.w3.org\/2000\/svg\"><path d=\"M256 8C119 8 8 119 8 256s111 248 248 248 248-111 248-248S393 8 256 8zm0 448c-110.5 0-200-89.5-200-200S145.5 56 256 56s200 89.5 200 200-89.5 200-200 200zm61.8-104.4l-84.9-61.7c-3.1-2.3-4.9-5.9-4.9-9.7V116c0-6.6 5.4-12 12-12h32c6.6 0 12 5.4 12 12v141.7l66.8 48.6c5.4 3.9 6.5 11.4 2.6 16.8L334.6 349c-3.9 5.3-11.4 6.5-16.8 2.6z\"><\/path><\/svg>\t\t\t\t<\/span>\n\t\t\t<\/div>\n\t\t\t\n\t\t\t\t\t\t<div class=\"elementor-icon-box-content\">\n\n\t\t\t\t\n\t\t\t\t\t\t\t\t\t<p class=\"elementor-icon-box-description\">\n\t\t\t\t\t\t<span style=\"white-space-collapse: collapse;\">Pazartesi - Cumartesi: 10.00 - 20.00<\/span><br style=\"white-space-collapse: collapse;\"><span style=\"white-space-collapse: collapse;\">Pazar: Kapal\u0131<\/span>\t\t\t\t\t<\/p>\n\t\t\t\t\n\t\t\t<\/div>\n\t\t\t\n\t\t<\/div>\n\t\t\t\t\t\t<\/div>\n\t\t\t\t<\/div>\n\t\t\t\t<div class=\"elementor-element elementor-element-911f6f2 bg-color-2 elementor-view-default elementor-position-top elementor-mobile-position-top elementor-widget elementor-widget-icon-box\" data-id=\"911f6f2\" data-element_type=\"widget\" data-widget_type=\"icon-box.default\">\n\t\t\t\t<div class=\"elementor-widget-container\">\n\t\t\t\t\t\t\t<div class=\"elementor-icon-box-wrapper\">\n\n\t\t\t\t\t\t<div class=\"elementor-icon-box-icon\">\n\t\t\t\t<span  class=\"elementor-icon\">\n\t\t\t\t<i aria-hidden=\"true\" class=\"rt rt-location-dot\"><\/i>\t\t\t\t<\/span>\n\t\t\t<\/div>\n\t\t\t\n\t\t\t\t\t\t<div class=\"elementor-icon-box-content\">\n\n\t\t\t\t\n\t\t\t\t\t\t\t\t\t<p class=\"elementor-icon-box-description\">\n\t\t\t\t\t\tK\u00f6rfez Mahallesi Bek\u00e7i Sokak No:25 Kat:1 Daire:4 Ba\u015fiskele \u2013 Kocaeli\n\t\t\t\t\t<\/p>\n\t\t\t\t\n\t\t\t<\/div>\n\t\t\t\n\t\t<\/div>\n\t\t\t\t\t\t<\/div>\n\t\t\t\t<\/div>\n\t\t\t\t<div class=\"elementor-element elementor-element-b87f1d4 bg-color-3 elementor-view-default elementor-position-top elementor-mobile-position-top elementor-widget elementor-widget-icon-box\" data-id=\"b87f1d4\" data-element_type=\"widget\" data-widget_type=\"icon-box.default\">\n\t\t\t\t<div class=\"elementor-widget-container\">\n\t\t\t\t\t\t\t<div class=\"elementor-icon-box-wrapper\">\n\n\t\t\t\t\t\t<div class=\"elementor-icon-box-icon\">\n\t\t\t\t<span  class=\"elementor-icon\">\n\t\t\t\t<svg aria-hidden=\"true\" class=\"e-font-icon-svg e-fas-phone-alt\" viewbox=\"0 0 512 512\" xmlns=\"http:\/\/www.w3.org\/2000\/svg\"><path d=\"M497.39 361.8l-112-48a24 24 0 0 0-28 6.9l-49.6 60.6A370.66 370.66 0 0 1 130.6 204.11l60.6-49.6a23.94 23.94 0 0 0 6.9-28l-48-112A24.16 24.16 0 0 0 122.6.61l-104 24A24 24 0 0 0 0 48c0 256.5 207.9 464 464 464a24 24 0 0 0 23.4-18.6l24-104a24.29 24.29 0 0 0-14.01-27.6z\"><\/path><\/svg>\t\t\t\t<\/span>\n\t\t\t<\/div>\n\t\t\t\n\t\t\t\t\t\t<div class=\"elementor-icon-box-content\">\n\n\t\t\t\t\n\t\t\t\t\t\t\t\t\t<p class=\"elementor-icon-box-description\">\n\t\t\t\t\t\t0(552) 606 36 78\n\t\t\t\t\t<\/p>\n\t\t\t\t\n\t\t\t<\/div>\n\t\t\t\n\t\t<\/div>\n\t\t\t\t\t\t<\/div>\n\t\t\t\t<\/div>\n\t\t\t\t<\/div>\n\t\t\t\t<\/div>\n\t\t\t\t<\/div>","protected":false},"excerpt":{"rendered":"<p>Uzm. Kl. Psk. Leyla K\u0131l\u0131\u00e7 De\u011fi\u015fim Sizinle Ba\u015flar Uzm. Kl. Psk. Leyla K\u0131l\u0131\u00e7 Uzm. Klinik Psikolog Leyla K\u0131l\u0131\u00e7 Kimdir? Uzm. Klinik Psikolog\/ Psikoterapist Leyla K\u0131l\u0131\u00e7, 2014 y\u0131l\u0131nda Hali\u00e7 \u00dcniversitesi Psikoloji b\u00f6l\u00fcm\u00fcnden mezun olup, ayn\u0131 \u00fcniversitede Klinik Psikoloji Y\u00fckseklisans e\u011fitimini \u2018\u2019Evli \u00e7iftlerde Cinsel \u0130\u015flev Bozukluklar\u0131 ile Ba\u011flanma Stilleri Aras\u0131ndaki ili\u015fkinin Ara\u015ft\u0131r\u0131lmas\u0131\u2019\u2019 konulu tez \u00e7al\u0131\u015fmas\u0131yla tamamlam\u0131\u015ft\u0131r. Erasmus&#8230;<\/p>","protected":false},"author":1,"featured_media":0,"parent":0,"menu_order":0,"comment_status":"closed","ping_status":"closed","template":"elementor_header_footer","meta":{"footnotes":""},"class_list":["post-411","page","type-page","status-publish","hentry"],"_links":{"self":[{"href":"https:\/\/www.psikologleylakilic.com\/en\/wp-json\/wp\/v2\/pages\/411","targetHints":{"allow":["GET"]}}],"collection":[{"href":"https:\/\/www.psikologleylakilic.com\/en\/wp-json\/wp\/v2\/pages"}],"about":[{"href":"https:\/\/www.psikologleylakilic.com\/en\/wp-json\/wp\/v2\/types\/page"}],"author":[{"embeddable":true,"href":"https:\/\/www.psikologleylakilic.com\/en\/wp-json\/wp\/v2\/users\/1"}],"replies":[{"embeddable":true,"href":"https:\/\/www.psikologleylakilic.com\/en\/wp-json\/wp\/v2\/comments?post=411"}],"version-history":[{"count":10,"href":"https:\/\/www.psikologleylakilic.com\/en\/wp-json\/wp\/v2\/pages\/411\/revisions"}],"predecessor-version":[{"id":3446,"href":"https:\/\/www.psikologleylakilic.com\/en\/wp-json\/wp\/v2\/pages\/411\/revisions\/3446"}],"wp:attachment":[{"href":"https:\/\/www.psikologleylakilic.com\/en\/wp-json\/wp\/v2\/media?parent=411"}],"curies":[{"name":"wp","href":"https:\/\/api.w.org\/{rel}","templated":true}]}}